{"id":233,"date":"2024-02-08T23:59:39","date_gmt":"2024-02-08T22:59:39","guid":{"rendered":"http:\/\/inkplus.it\/wp\/?page_id=233"},"modified":"2024-02-27T10:51:11","modified_gmt":"2024-02-27T09:51:11","slug":"one-page-express","status":"publish","type":"page","link":"https:\/\/inkplus.it\/wp\/","title":{"rendered":"Front Page"},"content":{"rendered":"<div  id=\"overlapable-2\" style=\"background-color: #ffffff;\" data-label=\"Overlapable\" data-id=\"stripped-coloured-icon-boxes\" data-category=\"overlapable\" class=\"features-coloured-icon-boxes-section\" data-overlap=\"true\"> <div  class=\"gridContainer\"> <div  class=\"features-coloured-icon-boxes-innerrow flexbox-list dark-text\" data-type=\"row\"> <div  class=\"features-coloured-icon-boxes-featurecol cp3cols\"> <div  class=\"features-coloured-icon-boxes-iconcontainer\" data-content-item-container=\"true\"> <i  data-cp-fa=\"true\" class=\"features-coloured-icon fa fa-bolt\"><\/i> <\/div> <h4  class=\"\">Costo inferiore<\/h4> <p  class=\"\">Pi\u00f9 economiche delle cartucce originali, potrai risparmiare sui costi di stampa.<\/p>  <\/div> <div  class=\"features-coloured-icon-boxes-featurecol cp3cols\"> <div  class=\"features-coloured-icon-boxes-iconcontainer\" data-content-item-container=\"true\"> <i  data-cp-fa=\"true\" class=\"features-coloured-icon fa fa-cloud\"><\/i> <\/div> <h4  class=\"\">Qualit\u00e0 di stampa&nbsp;<\/h4> <p  class=\"\">Sono progettate per fornire una qualit\u00e0 di stampa comparabile a quella delle cartucce originali.<\/p>  <\/div> <div  class=\"features-coloured-icon-boxes-featurecol cp3cols\"> <div  class=\"features-coloured-icon-boxes-iconcontainer\" data-content-item-container=\"true\"> <i  data-cp-fa=\"true\" class=\"features-coloured-icon fa fa-signal\"><\/i> <\/div> <h4  class=\"\">Compatibilit\u00e0&nbsp;<\/h4> <p  class=\"\">Sono progettate per essere compatibili con<br >una vasta gamma di marche e modelli.<\/p>  <\/div> <div  class=\"features-coloured-icon-boxes-featurecol cp3cols\"> <div  class=\"features-coloured-icon-boxes-iconcontainer\" data-content-item-container=\"true\"> <i  data-cp-fa=\"true\" class=\"features-coloured-icon fa fa-pie-chart\"><\/i> <\/div> <h4  class=\"\">Ampia disponibilit\u00e0<\/h4> <p  class=\"\">Ampiamente disponibili sul mercato, offrendo una maggiore scelta e flessibilit\u00e0, per gli utenti.<\/p>  <\/div> <\/div> <\/div><\/div><div  data-label=\"Overlapable\" data-id=\"stripped-features-image-cards-section\" data-category=\"overlapable\" data-=\"\" class=\"features-image-cards-section stripped-features-image-cards-section\" data-overlap=\"true\" id=\"overlapable-3\" style=\"background-color: rgb(255, 255, 255);\"> <div  class=\"gridContainer\"> <div  class=\"features-image-cards-innerrow flexbox-list\" data-type=\"row\"> <div  class=\"features-image-cards-cardcol cp4cols cp6cols-tablet\"> <div  class=\"features-image-cards-cardrow\"><img  decoding=\"async\" class=\"features-image-cards-featimg\" src=\"https:\/\/inkplus.it\/wp\/wp-content\/uploads\/2024\/02\/AdobeStock_475687626-1.png\" alt=\"\"> <div  class=\"features-image-cards-cardtextrow\" data-type=\"column\"> <h4  class=\"\">Ecosostenibilit\u00e0<\/h4> <p  class=\"\"> contribuisce a ridurre l\u2019impatto ambientale. Queste cartucce sono realizzate con materiali riciclati e sono una scelta responsabile per l\u2019ambiente. contribuisce a ridurre l\u2019impatto ambientale. \n<br >Queste cartucce sono realizzate con materiali riciclati e sono una scelta responsabile per l\u2019ambiente.<\/p>  <\/div> <\/div> <\/div> <div  class=\"features-image-cards-cardcol cp4cols cp6cols-tablet\"> <div  class=\"features-image-cards-cardrow\"><img  decoding=\"async\" class=\"features-image-cards-featimg\" src=\"https:\/\/inkplus.it\/wp\/wp-content\/uploads\/2024\/02\/Artboard-1.png\" alt=\"\"> <div  class=\"features-image-cards-cardtextrow\" data-type=\"column\"> <h4  class=\"\">Qualit\u00e0 paragonabile<\/h4> <p  class=\"\">offrono una resa simile a quella delle cartucce originali, ma a un prezzo pi\u00f9 conveniente. &nbsp;Garantiscono stampe nitide e affidabili. Offrono una resa simile a quella delle cartucce originali, ma a un prezzo pi\u00f9 conveniente. \n<br ><br >Garantiscono stampe nitide e affidabili.<\/p>  <\/div> <\/div> <\/div> <div  class=\"features-image-cards-cardcol cp4cols cp6cols-tablet\"> <div  class=\"features-image-cards-cardrow\"><img  decoding=\"async\" class=\"features-image-cards-featimg\" src=\"https:\/\/inkplus.it\/wp\/wp-content\/uploads\/2024\/02\/Artboard-1-1.png\" alt=\"\"> <div  class=\"features-image-cards-cardtextrow\" data-type=\"column\"> <h4  class=\"\">Assistenza clienti<\/h4> <p  class=\"\">Il team di INK+ \u00e8 a tua disposizione per qualsiasi domanda o assistenza. Siamo qui per garantirti una piacevole esperienza di acquisto. \n<br ><br >Siamo a tua disposizione per qualsiasi domanda o assistenza. \n<br >Garantiamo &nbsp;una piacevole esperienza di acquisto.<\/p>  <\/div> <\/div> <\/div> <\/div> <\/div><\/div><div  data-label=\"Features\" data-id=\"features-image-cards-section\" data-category=\"features\" class=\"features-image-cards-section\" style=\"background-color: rgb(246, 246, 246);\" id=\"features-2\"> <div  class=\"gridContainer\"> <div  class=\"features-image-cards-textrow\"> <div  class=\"features-image-cards-textcol dynamic-color\" data-type=\"column\"> <h2  class=\"\">Le nostre cartucce sono compatibili con le seguenti marche:<\/h2>  <\/div> <\/div> <div  class=\"features-image-cards-innerrow flexbox-list dark-text\" data-type=\"row\"> <div  class=\"features-image-cards-cardcol cp4cols cp6cols-tablet\"> <div  class=\"features-image-cards-cardrow\"><img  decoding=\"async\" class=\"features-image-cards-featimg\" src=\"https:\/\/inkplus.it\/wp\/wp-content\/uploads\/2024\/02\/Artboard-1-3.png\" alt=\"\"> <div  class=\"features-image-cards-cardtextrow\" data-type=\"column\"><div  class=\"spacer\" data-type=\"group\"><span  class=\"fa before\"><\/span><i  class=\"fa fa-bandcamp\"><\/i><span  class=\"fa after\"><\/span><\/div>    <\/div> <\/div> <\/div> <div  class=\"features-image-cards-cardcol cp4cols cp6cols-tablet\"> <div  class=\"features-image-cards-cardrow\"><img  decoding=\"async\" class=\"features-image-cards-featimg\" src=\"https:\/\/inkplus.it\/wp\/wp-content\/uploads\/2024\/02\/Artboard-2-1.png\" alt=\"\"> <div  class=\"features-image-cards-cardtextrow\" data-type=\"column\"><div  class=\"spacer\" data-type=\"group\"><span  class=\"fa before\"><\/span><i  class=\"fa fa-bandcamp\"><\/i><span  class=\"fa after\"><\/span><\/div>    <\/div> <\/div> <\/div> <div  class=\"features-image-cards-cardcol cp4cols cp6cols-tablet\"> <div  class=\"features-image-cards-cardrow\"><img  decoding=\"async\" class=\"features-image-cards-featimg\" src=\"https:\/\/inkplus.it\/wp\/wp-content\/uploads\/2024\/02\/Artboard-3.png\" alt=\"\"> <div  class=\"features-image-cards-cardtextrow\" data-type=\"column\">    <div  class=\"spacer\" data-type=\"group\"><span  class=\"fa before\"><\/span><i  class=\"fa fa-bandcamp\"><\/i><span  class=\"fa after\"><\/span><\/div><\/div> <\/div> <\/div> <\/div> <\/div><\/div><div  id=\"about-1\" style=\"background-color: #f6f6f6;\" data-label=\"About\" data-id=\"about-big-images-section\" data-category=\"about\" class=\"about-big-images-section\"> <div  class=\"gridContainer\"> <div  class=\"about-big-images-textrow\"> <div  class=\"about-big-images-textcol dynamic-color\" data-type=\"column\">  <h3  class=\"\">Le nostre cartucce Inkplus<\/h3> <p  class=\"\">Le nostre cartucce per stampanti &nbsp;sono alternative economiche e \n<br >convenienti\nalle cartucce originali dei produttori di stampanti. \n<br >Queste cartucce sono progettate per funzionare con una vasta gamma\n<br >di modelli di stampanti e offrono una qualit\u00e0 di stampa paragonabile \n<br >alle cartucce originali.<\/p>  <\/div> <\/div> <\/div> <div  class=\"about-big-images-bottomrow\"> <div  class=\"about-big-images-leftimgcol\"><img  decoding=\"async\" class=\"about-big-images-leftimg\" src=\"https:\/\/inkplus.it\/wp\/wp-content\/plugins\/one-page-express-companion\/theme-data\/one-page-express\/sections\/images\/nordwood-themes-180852.jpg\"> <\/div> <div  class=\"about-big-images-centerimgcol\"><img  decoding=\"async\" class=\"about-big-images-centerimg\" src=\"https:\/\/inkplus.it\/wp\/wp-content\/uploads\/2024\/02\/AdobeStock_269460607-scaled.jpeg\" alt=\"\"> <\/div> <div  class=\"about-big-images-rightimgcol\"><img  decoding=\"async\" class=\"about-big-images-rightimg\" src=\"https:\/\/inkplus.it\/wp\/wp-content\/plugins\/one-page-express-companion\/theme-data\/one-page-express\/sections\/images\/project1.jpg\"> <\/div> <\/div> <\/div><div  id=\"content-3\" style=\"background-color: #ffffff;\" data-label=\"Content\" data-id=\"content-image-left\" data-category=\"content\" class=\"content-left-image-section\"> <div  class=\"gridContainer\"> <div  class=\"row\"> <div  class=\"content-left-image-imgcol\" data-type=\"column\"> <img  decoding=\"async\" src=\"https:\/\/inkplus.it\/wp\/wp-content\/plugins\/one-page-express-companion\/theme-data\/one-page-express\/sections\/images\/project1.jpg\" class=\"\"> <\/div> <div  class=\"content-left-image-textcol dynamic-color\" data-type=\"column\"> <h2  class=\"\">Risparmiare con le nostre cartucce<\/h2> <p  class=\"large_text\">L\u2019utilizzo di cartucce per stampanti compatibili pu\u00f2 portare a notevoli risparmi di costo senza compromettere la qualit\u00e0 di stampa. Inoltre, l\u2019uso di cartucce compatibili contribuisce a ridurre l\u2019impatto ambientale, poich\u00e9 riduce la produzione di rifiuti di plastica associati alle cartucce originali.<\/p>  <\/div> <\/div> <\/div> <\/div><div  id=\"content-4\" style=\"background-color: #f6f6f6;\" data-label=\"Content\" data-id=\"content-image-right\" data-category=\"content\" class=\"content-right-image-section\"> <div  class=\"gridContainer\"> <div  class=\"content-right-image-gridcol\"> <div  class=\"content-right-image-textcol dynamic-color\" data-type=\"column\"> <h2  class=\"\">Risparmio Economico<\/h2> <p  class=\"large_text\">Le cartucce per stampanti compatibili offrono un significativo risparmio economico rispetto alle cartucce originali.\n\n<br ><br >Ad esempio, il prezzo di una cartuccia nera originale \u00e8 di 50\u20ac, mentre una cartuccia compatibile ha un prezzo di soli 20\u20ac.<br >Lo stesso si applica alle cartucce ciano, magenta e giallo, con un risparmio di 20\u20ac per ogni cartuccia.<\/p>  <\/div> <div  class=\"content-right-image-imgcol\" data-type=\"column\"> <img  decoding=\"async\" class=\"custom-image\" src=\"https:\/\/inkplus.it\/wp\/wp-content\/uploads\/2024\/02\/3.png\" alt=\"\"> <\/div> <\/div> <\/div> <\/div><div  data-label=\"Call to action\" data-id=\"cta-blue-section\" data-category=\"cta\" class=\"cta-blue-section\" id=\"cta-1\"> <div  class=\"gridContainer\"> <div  class=\"flexbox-list flexbox-list-align-center row\"> <div  class=\"cta-blue-textcol dynamic-color\"> <h2  class=\"cta-blue-text\"><b >Scopri i nostri punti di forza<\/b><\/h2> <\/div> <div  class=\"cta-blue-btncol\"> <a class=\"button big yellow dark-text\" href=\"#overlapable-3\" target=\"_self\" rel=\"noopener\"> Clicca qui <\/a> <\/div> <\/div> <\/div> <\/div><div  data-label=\"Contact\" data-id=\"contact-section\" data-category=\"contact\" data-bg=\"transparent\" class=\"contact-section-formsection white-text contact-section\" id=\"contact-4\"> <div  class=\"gridContainer\"> <div  class=\"row_224\"> <div  class=\"contact-textrow\"> <div  class=\"contact-textcol dynamic-color\"> <h2  class=\"\">Contattaci<\/h2> <p  class=\"white_text\"><\/p> <\/div> <\/div> <\/div> <div  class=\"contact-formcol\" data-content-shortcode=\"one_page_express_contact_form shortcode=&quot;contact-form-7 id=&amp;amp;quot;dbf3706&amp;amp;quot; title=&amp;amp;quot;Modulo di contatto 1&amp;amp;quot;&quot;\" data-editable=\"true\">\n<div class=\"wpcf7 no-js\" id=\"wpcf7-f63-o1\" lang=\"it-IT\" dir=\"ltr\" data-wpcf7-id=\"63\">\n<div class=\"screen-reader-response\"><p role=\"status\" aria-live=\"polite\" aria-atomic=\"true\"><\/p> <ul><\/ul><\/div>\n<form action=\"\/wp\/wp-json\/wp\/v2\/pages\/233#wpcf7-f63-o1\" method=\"post\" class=\"wpcf7-form init\" aria-label=\"Modulo di contatto\" novalidate=\"novalidate\" data-status=\"init\">\n<div style=\"display: none;\">\n<input type=\"hidden\" name=\"_wpcf7\" value=\"63\" \/>\n<input type=\"hidden\" name=\"_wpcf7_version\" value=\"6.0.3\" \/>\n<input type=\"hidden\" name=\"_wpcf7_locale\" value=\"it_IT\" \/>\n<input type=\"hidden\" name=\"_wpcf7_unit_tag\" value=\"wpcf7-f63-o1\" \/>\n<input type=\"hidden\" name=\"_wpcf7_container_post\" value=\"0\" \/>\n<input type=\"hidden\" name=\"_wpcf7_posted_data_hash\" value=\"\" \/>\n<input type=\"hidden\" name=\"_wpcf7_recaptcha_response\" value=\"\" \/>\n<\/div>\n<p><label> Il tuo nome<br \/>\n<span class=\"wpcf7-form-control-wrap\" data-name=\"your-name\"><input size=\"40\" maxlength=\"400\" class=\"wpcf7-form-control wpcf7-text wpcf7-validates-as-required\" autocomplete=\"name\" aria-required=\"true\" aria-invalid=\"false\" value=\"\" type=\"text\" name=\"your-name\" \/><\/span> <\/label>\n<\/p>\n<p><label> La tua email<br \/>\n<span class=\"wpcf7-form-control-wrap\" data-name=\"your-email\"><input size=\"40\" maxlength=\"400\" class=\"wpcf7-form-control wpcf7-email wpcf7-validates-as-required wpcf7-text wpcf7-validates-as-email\" autocomplete=\"email\" aria-required=\"true\" aria-invalid=\"false\" value=\"\" type=\"email\" name=\"your-email\" \/><\/span> <\/label>\n<\/p>\n<p><label> Oggetto<br \/>\n<span class=\"wpcf7-form-control-wrap\" data-name=\"your-subject\"><input size=\"40\" maxlength=\"400\" class=\"wpcf7-form-control wpcf7-text wpcf7-validates-as-required\" aria-required=\"true\" aria-invalid=\"false\" value=\"\" type=\"text\" name=\"your-subject\" \/><\/span> <\/label>\n<\/p>\n<p><label> Il tuo messaggio (facoltativo)<br \/>\n<span class=\"wpcf7-form-control-wrap\" data-name=\"your-message\"><textarea cols=\"40\" rows=\"10\" maxlength=\"2000\" class=\"wpcf7-form-control wpcf7-textarea\" aria-invalid=\"false\" name=\"your-message\"><\/textarea><\/span> <\/label>\n<\/p>\n<p><input class=\"wpcf7-form-control wpcf7-submit has-spinner\" type=\"submit\" value=\"Invia\" \/>\n<\/p><div class=\"wpcf7-response-output\" aria-hidden=\"true\"><\/div>\n<\/form>\n<\/div>\n<\/div> <\/div><\/div>","protected":false},"excerpt":{"rendered":"<p>Costo inferiore Pi\u00f9 economiche delle cartucce originali, potrai risparmiare sui costi di stampa. Qualit\u00e0 di stampa&nbsp; Sono progettate per fornire una qualit\u00e0 di stampa comparabile a quella delle cartucce originali. Compatibilit\u00e0&nbsp; Sono progettate per essere compatibili conuna vasta gamma di marche e modelli. Ampia disponibilit\u00e0 Ampiamente disponibili sul mercato, offrendo una maggiore scelta e flessibilit\u00e0,&hellip; <br \/> <a class=\"button small blue\" href=\"https:\/\/inkplus.it\/wp\/\">Leggi tutto<\/a><\/p>\n","protected":false},"author":1,"featured_media":0,"parent":0,"menu_order":0,"comment_status":"closed","ping_status":"closed","template":"","meta":{"footnotes":""},"class_list":["post-233","page","type-page","status-publish","hentry"],"_links":{"self":[{"href":"https:\/\/inkplus.it\/wp\/wp-json\/wp\/v2\/pages\/233"}],"collection":[{"href":"https:\/\/inkplus.it\/wp\/wp-json\/wp\/v2\/pages"}],"about":[{"href":"https:\/\/inkplus.it\/wp\/wp-json\/wp\/v2\/types\/page"}],"author":[{"embeddable":true,"href":"https:\/\/inkplus.it\/wp\/wp-json\/wp\/v2\/users\/1"}],"replies":[{"embeddable":true,"href":"https:\/\/inkplus.it\/wp\/wp-json\/wp\/v2\/comments?post=233"}],"version-history":[{"count":64,"href":"https:\/\/inkplus.it\/wp\/wp-json\/wp\/v2\/pages\/233\/revisions"}],"predecessor-version":[{"id":476,"href":"https:\/\/inkplus.it\/wp\/wp-json\/wp\/v2\/pages\/233\/revisions\/476"}],"wp:attachment":[{"href":"https:\/\/inkplus.it\/wp\/wp-json\/wp\/v2\/media?parent=233"}],"curies":[{"name":"wp","href":"https:\/\/api.w.org\/{rel}","templated":true}]}}